{"id":16786,"date":"2024-11-03T20:38:58","date_gmt":"2024-11-03T20:38:58","guid":{"rendered":"https:\/\/auvercars.com\/produit\/volvo-xc-40-t4-awd-r-design\/"},"modified":"2025-11-18T01:09:30","modified_gmt":"2025-11-18T01:09:30","slug":"volvo-xc-40-t4-awd-r-design","status":"publish","type":"product","link":"https:\/\/auvercars.com\/pt\/produto\/volvo-xc-40-t4-awd-r-design\/","title":{"rendered":"Volvo XC 40 T4 AWD R-Design"},"content":{"rendered":"<p>Caracter\u00edsticas t\u00e9cnicas :<br \/>\n&#8211; Ano do modelo: 06\/2022<br \/>\n&#8211; Quilometragem: 23.740 km<br \/>\n&#8211; Caixa de velocidades autom\u00e1tica<br \/>\n-Motor: Gasolina<br \/>\n&#8211; N\u00ba de vagas: 5 vagas<br \/>\n&#8211; Pot\u00eancia: 190 CV<br \/>\n&#8211; Deslocamento: 2 litros<br \/>\n&#8211; Transmiss\u00e3o: Tra\u00e7\u00e3o \u00e0s quatro rodas<\/p>","protected":false},"excerpt":{"rendered":"<p>Caracter\u00edsticas t\u00e9cnicas : &#8211; Ano do modelo: 06\/2022 &#8211; Quilometragem: 23.740 km &#8211; Caixa de velocidades autom\u00e1tica -Motor: Gasolina &#8211;<\/p>","protected":false},"featured_media":16769,"comment_status":"open","ping_status":"closed","template":"","meta":[],"product_brand":[],"product_cat":[76],"product_tag":[],"class_list":{"0":"post-16786","1":"product","2":"type-product","3":"status-publish","4":"has-post-thumbnail","6":"product_cat-volvo","8":"first","9":"instock","10":"shipping-taxable","11":"purchasable","12":"product-type-simple"},"_links":{"self":[{"href":"https:\/\/auvercars.com\/pt\/wp-json\/wp\/v2\/product\/16786"}],"collection":[{"href":"https:\/\/auvercars.com\/pt\/wp-json\/wp\/v2\/product"}],"about":[{"href":"https:\/\/auvercars.com\/pt\/wp-json\/wp\/v2\/types\/product"}],"replies":[{"embeddable":true,"href":"https:\/\/auvercars.com\/pt\/wp-json\/wp\/v2\/comments?post=16786"}],"version-history":[{"count":0,"href":"https:\/\/auvercars.com\/pt\/wp-json\/wp\/v2\/product\/16786\/revisions"}],"wp:featuredmedia":[{"embeddable":true,"href":"https:\/\/auvercars.com\/pt\/wp-json\/wp\/v2\/media\/16769"}],"wp:attachment":[{"href":"https:\/\/auvercars.com\/pt\/wp-json\/wp\/v2\/media?parent=16786"}],"wp:term":[{"taxonomy":"product_brand","embeddable":true,"href":"https:\/\/auvercars.com\/pt\/wp-json\/wp\/v2\/product_brand?post=16786"},{"taxonomy":"product_cat","embeddable":true,"href":"https:\/\/auvercars.com\/pt\/wp-json\/wp\/v2\/product_cat?post=16786"},{"taxonomy":"product_tag","embeddable":true,"href":"https:\/\/auvercars.com\/pt\/wp-json\/wp\/v2\/product_tag?post=16786"}],"curies":[{"name":"wp","href":"https:\/\/api.w.org\/{rel}","templated":true}]}}