{"id":16741,"date":"2024-11-03T20:38:12","date_gmt":"2024-11-03T20:38:12","guid":{"rendered":"https:\/\/auvercars.com\/produit\/bmw-x7-xdrive30d-sport\/"},"modified":"2024-11-03T20:38:12","modified_gmt":"2024-11-03T20:38:12","slug":"bmw-x7-xdrive30d-sport","status":"publish","type":"product","link":"https:\/\/auvercars.com\/pt\/produto\/bmw-x7-xdrive30d-sport\/","title":{"rendered":"BMW X7 xDrive30d sport"},"content":{"rendered":"<p>Caracter\u00edsticas t\u00e9cnicas :<br \/>\n&#8211; Ano do modelo: 2019<br \/>\n&#8211; Quilometragem: 163.000 km<br \/>\n&#8211; Caixa de velocidades: Autom\u00e1tica<br \/>\n&#8211; Motor: Diesel<br \/>\n&#8211; N\u00ba de vagas: 5 vagas<br \/>\n&#8211; Pot\u00eancia: 265 CV<br \/>\n&#8211; Deslocamento: 3 litros<br \/>\n&#8211; Emiss\u00f5es de CO2: 171 g\/km<br \/>\n&#8211; Transmiss\u00e3o: Tra\u00e7\u00e3o \u00e0s quatro rodas<\/p>","protected":false},"excerpt":{"rendered":"<p>Caracter\u00edsticas t\u00e9cnicas : &#8211; Ano do modelo: 2019 &#8211; Quilometragem: 163.000 km &#8211; Caixa de velocidades: Autom\u00e1tica &#8211; Motor: Diesel<\/p>","protected":false},"featured_media":16708,"comment_status":"open","ping_status":"closed","template":"","meta":[],"product_brand":[],"product_cat":[74],"product_tag":[],"class_list":{"0":"post-16741","1":"product","2":"type-product","3":"status-publish","4":"has-post-thumbnail","6":"product_cat-bmw","8":"first","9":"instock","10":"shipping-taxable","11":"purchasable","12":"product-type-simple"},"_links":{"self":[{"href":"https:\/\/auvercars.com\/pt\/wp-json\/wp\/v2\/product\/16741"}],"collection":[{"href":"https:\/\/auvercars.com\/pt\/wp-json\/wp\/v2\/product"}],"about":[{"href":"https:\/\/auvercars.com\/pt\/wp-json\/wp\/v2\/types\/product"}],"replies":[{"embeddable":true,"href":"https:\/\/auvercars.com\/pt\/wp-json\/wp\/v2\/comments?post=16741"}],"version-history":[{"count":0,"href":"https:\/\/auvercars.com\/pt\/wp-json\/wp\/v2\/product\/16741\/revisions"}],"wp:featuredmedia":[{"embeddable":true,"href":"https:\/\/auvercars.com\/pt\/wp-json\/wp\/v2\/media\/16708"}],"wp:attachment":[{"href":"https:\/\/auvercars.com\/pt\/wp-json\/wp\/v2\/media?parent=16741"}],"wp:term":[{"taxonomy":"product_brand","embeddable":true,"href":"https:\/\/auvercars.com\/pt\/wp-json\/wp\/v2\/product_brand?post=16741"},{"taxonomy":"product_cat","embeddable":true,"href":"https:\/\/auvercars.com\/pt\/wp-json\/wp\/v2\/product_cat?post=16741"},{"taxonomy":"product_tag","embeddable":true,"href":"https:\/\/auvercars.com\/pt\/wp-json\/wp\/v2\/product_tag?post=16741"}],"curies":[{"name":"wp","href":"https:\/\/api.w.org\/{rel}","templated":true}]}}