{"id":16707,"date":"2024-11-03T20:36:48","date_gmt":"2024-11-03T20:36:48","guid":{"rendered":"https:\/\/auvercars.com\/produit\/audi-q3-45-tfsi-quattro-linha-s-tronic-s\/"},"modified":"2025-11-18T01:07:56","modified_gmt":"2025-11-18T01:07:56","slug":"audi-q3-45-tfsi-quattro-linha-s-tronic-s","status":"publish","type":"product","link":"https:\/\/auvercars.com\/pt\/produto\/audi-q3-45-tfsi-quattro-linha-s-tronic-s\/","title":{"rendered":"Audi Q3 45 TFSI quattro Linha S tronic S"},"content":{"rendered":"<p>Caracter\u00edsticas t\u00e9cnicas :<br \/>\n&#8211; Ano do modelo: 07\/2022<br \/>\n&#8211; Quilometragem: 10.666 km<br \/>\n&#8211; Caixa de velocidades: Autom\u00e1tica<br \/>\n&#8211; Motor: Gasolina<br \/>\n&#8211; N\u00ba de vagas: 5 vagas<br \/>\n&#8211; Pot\u00eancia: 230 CV<br \/>\n&#8211; Deslocamento: 2 litros<br \/>\n&#8211; Emiss\u00f5es de CO2: 168 g\/km<br \/>\n&#8211; Transmiss\u00e3o: Tra\u00e7\u00e3o \u00e0s quatro rodas<\/p>","protected":false},"excerpt":{"rendered":"<p>Caracter\u00edsticas t\u00e9cnicas : &#8211; Ano do modelo: 07\/2022 &#8211; Quilometragem: 10.666 km &#8211; Caixa de velocidades: Autom\u00e1tica &#8211; Motor: Gasolina<\/p>","protected":false},"featured_media":16686,"comment_status":"open","ping_status":"closed","template":"","meta":[],"product_brand":[],"product_cat":[75],"product_tag":[],"class_list":{"0":"post-16707","1":"product","2":"type-product","3":"status-publish","4":"has-post-thumbnail","6":"product_cat-audi","8":"first","9":"instock","10":"shipping-taxable","11":"purchasable","12":"product-type-simple"},"_links":{"self":[{"href":"https:\/\/auvercars.com\/pt\/wp-json\/wp\/v2\/product\/16707"}],"collection":[{"href":"https:\/\/auvercars.com\/pt\/wp-json\/wp\/v2\/product"}],"about":[{"href":"https:\/\/auvercars.com\/pt\/wp-json\/wp\/v2\/types\/product"}],"replies":[{"embeddable":true,"href":"https:\/\/auvercars.com\/pt\/wp-json\/wp\/v2\/comments?post=16707"}],"version-history":[{"count":0,"href":"https:\/\/auvercars.com\/pt\/wp-json\/wp\/v2\/product\/16707\/revisions"}],"wp:featuredmedia":[{"embeddable":true,"href":"https:\/\/auvercars.com\/pt\/wp-json\/wp\/v2\/media\/16686"}],"wp:attachment":[{"href":"https:\/\/auvercars.com\/pt\/wp-json\/wp\/v2\/media?parent=16707"}],"wp:term":[{"taxonomy":"product_brand","embeddable":true,"href":"https:\/\/auvercars.com\/pt\/wp-json\/wp\/v2\/product_brand?post=16707"},{"taxonomy":"product_cat","embeddable":true,"href":"https:\/\/auvercars.com\/pt\/wp-json\/wp\/v2\/product_cat?post=16707"},{"taxonomy":"product_tag","embeddable":true,"href":"https:\/\/auvercars.com\/pt\/wp-json\/wp\/v2\/product_tag?post=16707"}],"curies":[{"name":"wp","href":"https:\/\/api.w.org\/{rel}","templated":true}]}}