{"id":16683,"date":"2024-11-03T20:36:04","date_gmt":"2024-11-03T20:36:04","guid":{"rendered":"https:\/\/auvercars.com\/produit\/mercedes-benz-gla-250o\/"},"modified":"2024-11-03T20:36:04","modified_gmt":"2024-11-03T20:36:04","slug":"mercedes-benz-gla-250o","status":"publish","type":"product","link":"https:\/\/auvercars.com\/pt\/produto\/mercedes-benz-gla-250o\/","title":{"rendered":"Mercedes-Benz GLA 250\u00ba"},"content":{"rendered":"<div class=\"x11i5rnm xat24cr x1mh8g0r x1vvkbs xtlvy1s x126k92a\">\n<div dir=\"auto\">Caracter\u00edsticas t\u00e9cnicas :<\/div>\n<div dir=\"auto\">&#8211; Ano modelo: 04\/2021<\/div>\n<div dir=\"auto\">&#8211; Quilometragem: 34.900 km<\/div>\n<div dir=\"auto\">&#8211; Caixa de velocidades autom\u00e1tica<\/div>\n<div dir=\"auto\">&#8211; Motor: H\u00edbrido a Gasolina<\/div>\n<div dir=\"auto\">&#8211; N\u00famero de vagas: 5 vagas<\/div>\n<div dir=\"auto\">&#8211; Pot\u00eancia: 218 CV<\/div>\n<div dir=\"auto\">&#8211; Deslocamento: 1,3 litros<\/div>\n<div dir=\"auto\">&#8211; Emiss\u00e3o de CO2: 33 g\/km<\/div>\n<div dir=\"auto\">&#8211; Transmiss\u00e3o: Tra\u00e7\u00e3o dianteira<\/div>\n<\/div>\n<div class=\"x11i5rnm xat24cr x1mh8g0r x1vvkbs xtlvy1s x126k92a\">\n<div dir=\"auto\"><span class=\"html-span xexx8yu x4uap5 x18d9i69 xkhd6sd x1hl2dhg x16tdsg8 x1vvkbs x3nfvp2 x1j61x8r x1fcty0u xdj266r xat24cr xgzva0m xhhsvwb xxymvpz xlup9mm x1kky2od\"><img decoding=\"async\" class=\"xz74otr\" src=\"https:\/\/static.xx.fbcdn.net\/images\/emoji.php\/v9\/t33\/1\/16\/2705.png\" alt=\"\u2705\" width=\"16\" height=\"16\" \/><\/span> 24 MESES DE GARANTIA<\/div>\n<\/div>\n<div class=\"x11i5rnm xat24cr x1mh8g0r x1vvkbs xtlvy1s x126k92a\">\n<div dir=\"auto\"><span class=\"html-span xexx8yu x4uap5 x18d9i69 xkhd6sd x1hl2dhg x16tdsg8 x1vvkbs x3nfvp2 x1j61x8r x1fcty0u xdj266r xat24cr xgzva0m xhhsvwb xxymvpz xlup9mm x1kky2od\"><img decoding=\"async\" class=\"xz74otr\" src=\"https:\/\/static.xx.fbcdn.net\/images\/emoji.php\/v9\/t33\/1\/16\/2705.png\" alt=\"\u2705\" width=\"16\" height=\"16\" \/><\/span> ENTREGA EM QUALQUER LUGAR DA EUROPA<\/div>\n<div dir=\"auto\">IMPORTA\u00c7\u00c3O ALEM\u00c3 <span class=\"html-span xexx8yu x4uap5 x18d9i69 xkhd6sd x1hl2dhg x16tdsg8 x1vvkbs x3nfvp2 x1j61x8r x1fcty0u xdj266r xat24cr xgzva0m xhhsvwb xxymvpz xlup9mm x1kky2od\"><img decoding=\"async\" class=\"xz74otr\" src=\"https:\/\/static.xx.fbcdn.net\/images\/emoji.php\/v9\/t16\/1\/16\/1f1e9_1f1ea.png\" alt=\"\ud83c\udde9\ud83c\uddea\" width=\"16\" height=\"16\" \/><\/span>.<\/div>\n<div dir=\"auto\">\u00a0\u00bb GARANTIA EUROPEIA<\/div>\n<div dir=\"auto\">Cuidamos de todos os tr\u00e2mites de importa\u00e7\u00e3o at\u00e9 a entrega em sua casa. Prazos de entrega 5 dias \/ Prazo de retirada 14 DIAS (Satisfeito ou reembolsado)<\/div>\n<\/div>\n<div class=\"x11i5rnm xat24cr x1mh8g0r x1vvkbs xtlvy1s x126k92a\">\n<div dir=\"auto\"><span class=\"html-span xdj266r x11i5rnm xat24cr x1mh8g0r xexx8yu x4uap5 x18d9i69 xkhd6sd x1hl2dhg x16tdsg8 x1vvkbs\"><a class=\"x1i10hfl xjbqb8w x1ejq31n xd10rxx x1sy0etr x17r0tee x972fbf xcfux6l x1qhh985 xm0m39n x9f619 x1ypdohk xt0psk2 xe8uvvx xdj266r x11i5rnm xat24cr x1mh8g0r xexx8yu x4uap5 x18d9i69 xkhd6sd x16tdsg8 x1hl2dhg xggy1nq x1a2a7pz x1sur9pj xkrqix3 x1fey0fg xo1l8bm\" tabindex=\"0\" role=\"link\" href=\"https:\/\/web.facebook.com\/hashtag\/voc%C3%AA?__eep__=6&amp;__cft__[0]=AZUKlrOqv0fthy-ImMVUorHtJFd03_XnBnngf7igIRyZ47ZXzPsF1GXV2dvETznCKh590S5F9Sj8SFUjOHCOo8z8xTS-9hk-r8o-PBt9S5CB72DHzs36ZtCardK5RdvIBPlFq3SlUmL1tt3DQ0LBYAp2sxasSA8RgVtFv8bHzgbbTpfjXOK0neAbyzigyCn7r9RF4YE75XV2v8gFKqpsCKtv&amp;__tn__=*NK-R\">#VOC\u00ca<\/a><\/span> TAMB\u00c9M TEM A POSSIBILIDADE DE PAGAR EM INSTITUI\u00c7\u00d5ES MENSAIS. Contribui\u00e7\u00e3o m\u00ednima 25%, o restante em mensalidades sem juros.<\/div>\n<\/div>\n<div class=\"x11i5rnm xat24cr x1mh8g0r x1vvkbs xtlvy1s x126k92a\">\n<div dir=\"auto\"><span class=\"html-span xdj266r x11i5rnm xat24cr x1mh8g0r xexx8yu x4uap5 x18d9i69 xkhd6sd x1hl2dhg x16tdsg8 x1vvkbs\"><a class=\"x1i10hfl xjbqb8w x1ejq31n xd10rxx x1sy0etr x17r0tee x972fbf xcfux6l x1qhh985 xm0m39n x9f619 x1ypdohk xt0psk2 xe8uvvx xdj266r x11i5rnm xat24cr x1mh8g0r xexx8yu x4uap5 x18d9i69 xkhd6sd x16tdsg8 x1hl2dhg xggy1nq x1a2a7pz x1sur9pj xkrqix3 x1fey0fg xo1l8bm\" tabindex=\"0\" role=\"link\" href=\"https:\/\/web.facebook.com\/hashtag\/para?__eep__=6&amp;__cft__[0]=AZUKlrOqv0fthy-ImMVUorHtJFd03_XnBnngf7igIRyZ47ZXzPsF1GXV2dvETznCKh590S5F9Sj8SFUjOHCOo8z8xTS-9hk-r8o-PBt9S5CB72DHzs36ZtCardK5RdvIBPlFq3SlUmL1tt3DQ0LBYAp2sxasSA8RgVtFv8bHzgbbTpfjXOK0neAbyzigyCn7r9RF4YE75XV2v8gFKqpsCKtv&amp;__tn__=*NK-R\">#PARA<\/a><\/span> MAIS DETALHES, envie-nos a foto do an\u00fancio ou do carro que voc\u00ea tem interesse POR MENSAGEM PRIVADA.<\/div>\n<\/div>\n<div class=\"x11i5rnm xat24cr x1mh8g0r x1vvkbs xtlvy1s x126k92a\">\n<div dir=\"auto\">AVALIA\u00c7\u00d5ES E FEEDBACK DE NOSSOS CLIENTES AP\u00d3S O PEDIDO EST\u00c3O DISPON\u00cdVEIS CLICANDO AQUI:<\/div>\n<\/div>\n<div class=\"x11i5rnm xat24cr x1mh8g0r x1vvkbs xtlvy1s x126k92a\">\n<div dir=\"auto\"><span class=\"html-span xdj266r x11i5rnm xat24cr x1mh8g0r xexx8yu x4uap5 x18d9i69 xkhd6sd x1hl2dhg x16tdsg8 x1vvkbs\"><a class=\"x1i10hfl xjbqb8w x1ejq31n xd10rxx x1sy0etr x17r0tee x972fbf xcfux6l x1qhh985 xm0m39n x9f619 x1ypdohk xt0psk2 xe8uvvx xdj266r x11i5rnm xat24cr x1mh8g0r xexx8yu x4uap5 x18d9i69 xkhd6sd x16tdsg8 x1hl2dhg xggy1nq x1a2a7pz x1sur9pj xkrqix3 xzsf02u x1s688f\" tabindex=\"0\" role=\"link\" href=\"https:\/\/web.facebook.com\/permalink.php?story_fbid=pfbid02BMbjXow8ESGb2cDHyoHBUr2sExax4qxkSwnbLrUysajJq8y2hmyBdxvWmRpsg8jUl&amp;id=100071812876137&amp;__cft__[0]=AZUKlrOqv0fthy-ImMVUorHtJFd03_XnBnngf7igIRyZ47ZXzPsF1GXV2dvETznCKh590S5F9Sj8SFUjOHCOo8z8xTS-9hk-r8o-PBt9S5CB72DHzs36ZtCardK5RdvIBPlFq3SlUmL1tt3DQ0LBYAp2sxasSA8RgVtFv8bHzgbbTpfjXOK0neAbyzigyCn7r9RF4YE75XV2v8gFKqpsCKtv&amp;__tn__=-UK-R\">https:\/\/www.facebook.com\/share\/sNzpC6zjUoG6ZV4t\/?mibextid=WC7FNe<\/a><\/span><\/div>\n<\/div>\n<div class=\"x11i5rnm xat24cr x1mh8g0r x1vvkbs xtlvy1s x126k92a\">\n<div dir=\"auto\">PS: \u00c9 concedida redu\u00e7\u00e3o de 15% nas compras \u00e0 vista.<\/div>\n<\/div>","protected":false},"excerpt":{"rendered":"<div dir=\"auto\">Caracter\u00edsticas t\u00e9cnicas :<\/div>\n<div dir=\"auto\">&#8211; Ano modelo: 04\/2021<\/div>\n<div dir=\"auto\">&#8211; Quilometragem: 34.900 km<\/div>\n<div dir=\"auto\">&#8211; Caixa de velocidades autom\u00e1tica<\/div>\n<div dir=\"auto\">&#8211; Motor: H\u00edbrido a Gasolina<\/div>\n<div dir=\"auto\">&#8211; N\u00famero de vagas: 5 vagas<\/div>\n<div dir=\"auto\">&#8211; Pot\u00eancia: 218 CV<\/div>\n<div dir=\"auto\">&#8211; Deslocamento: 1,3 litros<\/div>\n<div dir=\"auto\">&#8211; Emiss\u00e3o de CO2: 33 g\/km<\/div>\n<div dir=\"auto\">&#8211; Transmiss\u00e3o: Tra\u00e7\u00e3o dianteira<\/div>","protected":false},"featured_media":16666,"comment_status":"open","ping_status":"closed","template":"","meta":[],"product_brand":[],"product_cat":[73],"product_tag":[],"class_list":{"0":"post-16683","1":"product","2":"type-product","3":"status-publish","4":"has-post-thumbnail","6":"product_cat-mercedes-benz","8":"first","9":"instock","10":"shipping-taxable","11":"purchasable","12":"product-type-simple"},"_links":{"self":[{"href":"https:\/\/auvercars.com\/pt\/wp-json\/wp\/v2\/product\/16683"}],"collection":[{"href":"https:\/\/auvercars.com\/pt\/wp-json\/wp\/v2\/product"}],"about":[{"href":"https:\/\/auvercars.com\/pt\/wp-json\/wp\/v2\/types\/product"}],"replies":[{"embeddable":true,"href":"https:\/\/auvercars.com\/pt\/wp-json\/wp\/v2\/comments?post=16683"}],"version-history":[{"count":0,"href":"https:\/\/auvercars.com\/pt\/wp-json\/wp\/v2\/product\/16683\/revisions"}],"wp:featuredmedia":[{"embeddable":true,"href":"https:\/\/auvercars.com\/pt\/wp-json\/wp\/v2\/media\/16666"}],"wp:attachment":[{"href":"https:\/\/auvercars.com\/pt\/wp-json\/wp\/v2\/media?parent=16683"}],"wp:term":[{"taxonomy":"product_brand","embeddable":true,"href":"https:\/\/auvercars.com\/pt\/wp-json\/wp\/v2\/product_brand?post=16683"},{"taxonomy":"product_cat","embeddable":true,"href":"https:\/\/auvercars.com\/pt\/wp-json\/wp\/v2\/product_cat?post=16683"},{"taxonomy":"product_tag","embeddable":true,"href":"https:\/\/auvercars.com\/pt\/wp-json\/wp\/v2\/product_tag?post=16683"}],"curies":[{"name":"wp","href":"https:\/\/api.w.org\/{rel}","templated":true}]}}