{"id":4400,"date":"2021-10-12T15:51:09","date_gmt":"2021-10-12T15:51:09","guid":{"rendered":"http:\/\/dummy.xtemos.com\/woodmart2\/elementor\/?page_id=4400"},"modified":"2024-05-10T23:13:07","modified_gmt":"2024-05-10T23:13:07","slug":"about-us-3","status":"publish","type":"page","link":"https:\/\/auvercars.com\/pt\/about-us-3\/","title":{"rendered":"About us"},"content":{"rendered":"<div data-elementor-type=\"wp-page\" data-elementor-id=\"4400\" class=\"elementor elementor-4400\" data-elementor-post-type=\"page\">\n\t\t\t\t\t\t<section class=\"elementor-section elementor-top-section elementor-element elementor-element-3c548bca elementor-reverse-tablet elementor-reverse-mobile elementor-section-boxed elementor-section-height-default elementor-section-height-default wd-section-disabled\" data-id=\"3c548bca\" data-element_type=\"section\">\n\t\t\t\t\t\t<div class=\"elementor-container elementor-column-gap-default\">\n\t\t\t\t\t<div class=\"elementor-column elementor-col-50 elementor-top-column elementor-element elementor-element-1d354ed7\" data-id=\"1d354ed7\" data-element_type=\"column\">\n\t\t\t<div class=\"elementor-widget-wrap elementor-element-populated\">\n\t\t\t\t\t\t<div class=\"elementor-element elementor-element-3b8f1c6 elementor-widget elementor-widget-wd_image_or_svg\" data-id=\"3b8f1c6\" data-element_type=\"widget\" data-widget_type=\"wd_image_or_svg.default\">\n\t\t\t\t<div class=\"elementor-widget-container\">\n\t\t\t\t\t\n\t\t<div class=\"wd-image text-left\">\n\t\t\t\t\t\t\t\t<img fetchpriority=\"high\" decoding=\"async\" width=\"869\" height=\"982\" src=\"https:\/\/auvercars.com\/wp-content\/uploads\/2023\/10\/1920x2560-desktop-q8-overall-artikel-17122B08-2.jpg\" class=\"attachment-full size-full\" alt=\"\" srcset=\"https:\/\/auvercars.com\/wp-content\/uploads\/2023\/10\/1920x2560-desktop-q8-overall-artikel-17122B08-2.jpg 869w, https:\/\/auvercars.com\/wp-content\/uploads\/2023\/10\/1920x2560-desktop-q8-overall-artikel-17122B08-2-265x300.jpg 265w, https:\/\/auvercars.com\/wp-content\/uploads\/2023\/10\/1920x2560-desktop-q8-overall-artikel-17122B08-2-708x800.jpg 708w, https:\/\/auvercars.com\/wp-content\/uploads\/2023\/10\/1920x2560-desktop-q8-overall-artikel-17122B08-2-768x868.jpg 768w, https:\/\/auvercars.com\/wp-content\/uploads\/2023\/10\/1920x2560-desktop-q8-overall-artikel-17122B08-2-860x972.jpg 860w, https:\/\/auvercars.com\/wp-content\/uploads\/2023\/10\/1920x2560-desktop-q8-overall-artikel-17122B08-2-430x486.jpg 430w, https:\/\/auvercars.com\/wp-content\/uploads\/2023\/10\/1920x2560-desktop-q8-overall-artikel-17122B08-2-700x791.jpg 700w, https:\/\/auvercars.com\/wp-content\/uploads\/2023\/10\/1920x2560-desktop-q8-overall-artikel-17122B08-2-150x170.jpg 150w\" sizes=\"(max-width: 869px) 100vw, 869px\" \/>\t\t\t\t\t<\/div>\n\n\t\t\t\t\t\t<\/div>\n\t\t\t\t<\/div>\n\t\t\t\t\t<\/div>\n\t\t<\/div>\n\t\t\t\t<div class=\"elementor-column elementor-col-50 elementor-top-column elementor-element elementor-element-7a9daa7\" data-id=\"7a9daa7\" data-element_type=\"column\">\n\t\t\t<div class=\"elementor-widget-wrap elementor-element-populated\">\n\t\t\t\t\t\t<div class=\"elementor-element elementor-element-18566191 elementor-widget elementor-widget-wd_title\" data-id=\"18566191\" data-element_type=\"widget\" data-widget_type=\"wd_title.default\">\n\t\t\t\t<div class=\"elementor-widget-container\">\n\t\t\t\t\t\t\t<div class=\"title-wrapper set-mb-s reset-last-child wd-title-color-primary wd-title-style-default wd-title-size-large text-left\">\n\n\t\t\t\t\t\t\t<div class=\"title-subtitle subtitle-color-primary subtitle-style-default wd-fontsize-xs\">\n\t\t\t\t\tSobre n\u00f3s \t\t\t\t<\/div>\n\t\t\t\n\t\t\t<div class=\"liner-continer\">\n\t\t\t\t<h4 class=\"woodmart-title-container title wd-fontsize-xxl\">AUVERCAR<\/h4> \n\t\t\t\t\t\t\t<\/div>\n\n\t\t\t\t\t\t\t<div class=\"title-after_title set-cont-mb-s reset-last-child wd-fontsize-s\">\n\t\t\t\t\t<p><em>Somos uma empresa especializada na venda e exporta\u00e7\u00e3o de autom\u00f3veis e ve\u00edculos autom\u00f3veis ligeiros para toda a Europa. Fazemos parte do maior portal autom\u00f3vel da Alemanha, o que facilita a compra de um autom\u00f3vel. Com uma simples pesquisa e apenas alguns cliques, pode ter uma vis\u00e3o geral de todo o mercado autom\u00f3vel. \u00c9 f\u00e1cil comparar e decidir.<\/em><\/p>\t\t\t\t<\/div>\n\t\t\t\t\t<\/div>\n\t\t\t\t\t\t<\/div>\n\t\t\t\t<\/div>\n\t\t\t\t<div class=\"elementor-element elementor-element-cf34ae6 elementor-widget elementor-widget-wd_text_block\" data-id=\"cf34ae6\" data-element_type=\"widget\" data-widget_type=\"wd_text_block.default\">\n\t\t\t\t<div class=\"elementor-widget-container\">\n\t\t\t\t\t\t\t<div class=\"wd-text-block reset-last-child text-left\">\n\t\t\t\n\t\t\t<p>Connosco, encontrar\u00e1 ofertas adaptadas \u00e0s suas necessidades. Podem at\u00e9 ser combinadas com uma garantia de ve\u00edculo usado, se necess\u00e1rio. Ou talvez esteja \u00e0 procura de um autom\u00f3vel novo? Ent\u00e3o veio ao s\u00edtio certo. Autom\u00f3veis novos, autom\u00f3veis novos CE, autom\u00f3veis com matr\u00edcula de um dia e autom\u00f3veis de empresa em perfeito estado de conserva\u00e7\u00e3o provenientes de toda a Uni\u00e3o Europeia. Todos claramente pormenorizados e com uma vasta escolha. Por outras palavras, encontrar\u00e1 facilmente o ve\u00edculo que se adapta ao seu estilo de vida.<\/p>\n\t\t\t\t\t<\/div>\n\t\t\t\t\t\t<\/div>\n\t\t\t\t<\/div>\n\t\t\t\t\t<\/div>\n\t\t<\/div>\n\t\t\t\t\t<\/div>\n\t\t<\/section>\n\t\t\t\t<section class=\"elementor-section elementor-top-section elementor-element elementor-element-8341251 elementor-section-content-middle wd-section-stretch elementor-section-boxed elementor-section-height-default elementor-section-height-default\" data-id=\"8341251\" data-element_type=\"section\" data-settings=\"{&quot;background_background&quot;:&quot;classic&quot;}\">\n\t\t\t\t\t\t<div class=\"elementor-container elementor-column-gap-extended\">\n\t\t\t\t\t<div class=\"elementor-column elementor-col-100 elementor-top-column elementor-element elementor-element-693a0c8\" data-id=\"693a0c8\" data-element_type=\"column\">\n\t\t\t<div class=\"elementor-widget-wrap elementor-element-populated\">\n\t\t\t\t\t\t<div class=\"elementor-element elementor-element-bd1396a elementor-widget elementor-widget-wd_title\" data-id=\"bd1396a\" data-element_type=\"widget\" data-widget_type=\"wd_title.default\">\n\t\t\t\t<div class=\"elementor-widget-container\">\n\t\t\t\t\t\t\t<div class=\"title-wrapper set-mb-s reset-last-child wd-title-color-primary wd-title-style-default wd-title-size-large text-left\">\n\n\t\t\t\n\t\t\t<div class=\"liner-continer\">\n\t\t\t\t<h4 class=\"woodmart-title-container title wd-fontsize-xxl\">Porqu\u00ea importa\u00e7\u00f5es alem\u00e3s?<\/h4> \n\t\t\t\t\t\t\t<\/div>\n\n\t\t\t\t\t<\/div>\n\t\t\t\t\t\t<\/div>\n\t\t\t\t<\/div>\n\t\t\t\t<div class=\"elementor-element elementor-element-7624305 elementor-widget elementor-widget-wd_infobox\" data-id=\"7624305\" data-element_type=\"widget\" data-widget_type=\"wd_infobox.default\">\n\t\t\t\t<div class=\"elementor-widget-container\">\n\t\t\t\t\t\t\t<div class=\"info-box-wrapper\">\n\t\t\t<div class=\"wd-info-box text-left box-icon-align-top box-style-base color-scheme- cursor-pointer\" onclick=\"window.location.href='#'\" style=\"\">\n\t\t\t\t\n\t\t\t\t<div class=\"info-box-content\">\n\t\t\t\t\t\n\t\t\t\t\t\n\t\t\t\t\t<div class=\"info-box-inner set-cont-mb-s reset-last-child\"data-elementor-setting-key=\"content\"><p>Muitas pessoas sonham em comprar um autom\u00f3vel usado na Alemanha, mas s\u00e3o muito poucas as que o fazem. O mercado alem\u00e3o tem muito para oferecer. Para al\u00e9m de carros em segunda m\u00e3o baratos, h\u00e1 uma maior escolha e at\u00e9 uma manuten\u00e7\u00e3o escrupulosa.<\/p>\n<\/div>\n\t\n\t\t\t\t\t\t\t\t\t<\/div>\n\t\t\t<\/div>\n\t\t<\/div>\n\t\t\t\t\t\t<\/div>\n\t\t\t\t<\/div>\n\t\t\t\t\t<\/div>\n\t\t<\/div>\n\t\t\t\t\t<\/div>\n\t\t<\/section>\n\t\t\t\t<\/div>","protected":false},"excerpt":{"rendered":"<p>A propos de AUVERCAR Nous sommes \u00a0une soci\u00e9t\u00e9 sp\u00e9cialis\u00e9e dans la vente et l\u2019export de voitures et de v\u00e9hicules automobiles<\/p>","protected":false},"author":1,"featured_media":0,"parent":0,"menu_order":0,"comment_status":"closed","ping_status":"closed","template":"","meta":{"footnotes":""},"class_list":["post-4400","page","type-page","status-publish","hentry"],"_links":{"self":[{"href":"https:\/\/auvercars.com\/pt\/wp-json\/wp\/v2\/pages\/4400"}],"collection":[{"href":"https:\/\/auvercars.com\/pt\/wp-json\/wp\/v2\/pages"}],"about":[{"href":"https:\/\/auvercars.com\/pt\/wp-json\/wp\/v2\/types\/page"}],"author":[{"embeddable":true,"href":"https:\/\/auvercars.com\/pt\/wp-json\/wp\/v2\/users\/1"}],"replies":[{"embeddable":true,"href":"https:\/\/auvercars.com\/pt\/wp-json\/wp\/v2\/comments?post=4400"}],"version-history":[{"count":39,"href":"https:\/\/auvercars.com\/pt\/wp-json\/wp\/v2\/pages\/4400\/revisions"}],"predecessor-version":[{"id":16114,"href":"https:\/\/auvercars.com\/pt\/wp-json\/wp\/v2\/pages\/4400\/revisions\/16114"}],"wp:attachment":[{"href":"https:\/\/auvercars.com\/pt\/wp-json\/wp\/v2\/media?parent=4400"}],"curies":[{"name":"wp","href":"https:\/\/api.w.org\/{rel}","templated":true}]}}