{"id":15588,"date":"2023-10-30T20:22:12","date_gmt":"2023-10-30T20:22:12","guid":{"rendered":"https:\/\/auvercar.com\/?page_id=15588"},"modified":"2024-05-10T23:14:48","modified_gmt":"2024-05-10T23:14:48","slug":"conditions-de-ventes","status":"publish","type":"page","link":"https:\/\/auvercars.com\/pt\/conditions-de-ventes\/","title":{"rendered":"Termos e condi\u00e7\u00f5es de venda"},"content":{"rendered":"<div data-elementor-type=\"wp-page\" data-elementor-id=\"15588\" class=\"elementor elementor-15588\" data-elementor-post-type=\"page\">\n\t\t\t\t\t\t<section class=\"elementor-section elementor-top-section elementor-element elementor-element-7a041e7b elementor-section-boxed elementor-section-height-default elementor-section-height-default wd-section-disabled\" data-id=\"7a041e7b\" data-element_type=\"section\">\n\t\t\t\t\t\t<div class=\"elementor-container elementor-column-gap-default\">\n\t\t\t\t\t<div class=\"elementor-column elementor-col-100 elementor-top-column elementor-element elementor-element-7ff2cdb9\" data-id=\"7ff2cdb9\" data-element_type=\"column\">\n\t\t\t<div class=\"elementor-widget-wrap elementor-element-populated\">\n\t\t\t\t\t\t<div class=\"elementor-element elementor-element-2523fc67 elementor-widget elementor-widget-wd_title\" data-id=\"2523fc67\" data-element_type=\"widget\" data-widget_type=\"wd_title.default\">\n\t\t\t\t<div class=\"elementor-widget-container\">\n\t\t\t\t\t\t\t<div class=\"title-wrapper set-mb-s reset-last-child wd-title-color-default wd-title-style-underlined wd-title-size-default text-left\">\n\n\t\t\t\n\t\t\t<div class=\"liner-continer\">\n\t\t\t\t<h4 class=\"woodmart-title-container title wd-fontsize-l\">Informa\u00e7\u00f5es antes da compra<\/h4> \n\t\t\t\t\t\t\t<\/div>\n\n\t\t\t\t\t<\/div>\n\t\t\t\t\t\t<\/div>\n\t\t\t\t<\/div>\n\t\t\t\t<section class=\"elementor-section elementor-inner-section elementor-element elementor-element-5b5765b9 elementor-section-boxed elementor-section-height-default elementor-section-height-default wd-section-disabled\" data-id=\"5b5765b9\" data-element_type=\"section\">\n\t\t\t\t\t\t<div class=\"elementor-container elementor-column-gap-extended\">\n\t\t\t\t\t<div class=\"elementor-column elementor-col-50 elementor-inner-column elementor-element elementor-element-1c1d45a1\" data-id=\"1c1d45a1\" data-element_type=\"column\">\n\t\t\t<div class=\"elementor-widget-wrap elementor-element-populated\">\n\t\t\t\t\t\t<div class=\"elementor-element elementor-element-7ee8bc01 elementor-widget elementor-widget-wd_text_block\" data-id=\"7ee8bc01\" data-element_type=\"widget\" data-widget_type=\"wd_text_block.default\">\n\t\t\t\t<div class=\"elementor-widget-container\">\n\t\t\t\t\t\t\t<div class=\"wd-text-block reset-last-child text-left\">\n\t\t\t\n\t\t\t<h5 class=\"elementor-icon-box-title\"><strong>Exporta\u00e7\u00e3o<\/strong><\/h5><p>Oferecemos oportunidades para carros exportados da Alemanha em perfeito estado de carro\u00e7aria e motor, sem acidentes, a pre\u00e7os muito atractivos. Fazemos entregas em Fran\u00e7a, B\u00e9lgica e Portugal. As taxas que aplicamos na Alemanha s\u00e3o as mesmas que oferecemos para Fran\u00e7a, B\u00e9lgica e Portugal, o que explica a atratividade dos nossos pre\u00e7os. A este pre\u00e7o acresce 500 euros para o transporte para registar um ve\u00edculo em Fran\u00e7a ou na B\u00e9lgica.<span style=\"font-size: 14px; background-color: var(--wd-main-bgcolor); color: var(--wd-text-color);\"><\/span><\/p>\n\t\t\t\t\t<\/div>\n\t\t\t\t\t\t<\/div>\n\t\t\t\t<\/div>\n\t\t\t\t<div class=\"elementor-element elementor-element-3a68110c elementor-widget elementor-widget-wd_text_block\" data-id=\"3a68110c\" data-element_type=\"widget\" data-widget_type=\"wd_text_block.default\">\n\t\t\t\t<div class=\"elementor-widget-container\">\n\t\t\t\t\t\t\t<div class=\"wd-text-block reset-last-child text-left\">\n\t\t\t\n\t\t\t<h5 class=\"elementor-icon-box-title\"><strong>Facilidade de pagamento<\/strong><\/h5><p>Para o pagamento em presta\u00e7\u00f5es, ter\u00e1 de pagar um dep\u00f3sito m\u00ednimo de 25% e os restantes 75% em presta\u00e7\u00f5es mensais, durante um per\u00edodo \u00e0 sua escolha entre 6 e 36 meses, com 0% de juros.<\/p><p><strong>Documentos a fornecer<\/strong><br \/>\u00a0 -Documento de identidade<br \/>\u00a0 -Fatura .<\/p>\n\t\t\t\t\t<\/div>\n\t\t\t\t\t\t<\/div>\n\t\t\t\t<\/div>\n\t\t\t\t<div class=\"elementor-element elementor-element-54a1a36 elementor-widget elementor-widget-wd_text_block\" data-id=\"54a1a36\" data-element_type=\"widget\" data-widget_type=\"wd_text_block.default\">\n\t\t\t\t<div class=\"elementor-widget-container\">\n\t\t\t\t\t\t\t<div class=\"wd-text-block reset-last-child text-left\">\n\t\t\t\n\t\t\t<h5 class=\"elementor-icon-box-title\"><strong>Simula\u00e7\u00e3o<\/strong><\/h5><p>Para um autom\u00f3vel anunciado a 10 000 euros, o pre\u00e7o de venda com registo em seu nome e entrega ao domic\u00edlio \u00e9 de 10 500 euros. Prazo de entrega na B\u00e9lgica, Portugal ou Fran\u00e7a: 5 dias.<\/p>\n\t\t\t\t\t<\/div>\n\t\t\t\t\t\t<\/div>\n\t\t\t\t<\/div>\n\t\t\t\t\t<\/div>\n\t\t<\/div>\n\t\t\t\t<div class=\"elementor-column elementor-col-50 elementor-inner-column elementor-element elementor-element-251fa797\" data-id=\"251fa797\" data-element_type=\"column\">\n\t\t\t<div class=\"elementor-widget-wrap elementor-element-populated\">\n\t\t\t\t\t\t<div class=\"elementor-element elementor-element-7a57fb6b elementor-widget elementor-widget-wd_text_block\" data-id=\"7a57fb6b\" data-element_type=\"widget\" data-widget_type=\"wd_text_block.default\">\n\t\t\t\t<div class=\"elementor-widget-container\">\n\t\t\t\t\t\t\t<div class=\"wd-text-block reset-last-child text-left\">\n\t\t\t\n\t\t\t<h5 class=\"elementor-icon-box-title\"><strong>Pol\u00edtica de devolu\u00e7\u00f5es e garantia<\/strong><\/h5><p>A fim de garantir a melhor transa\u00e7\u00e3o poss\u00edvel, as nossas vendas est\u00e3o sujeitas \u00e0s condi\u00e7\u00f5es e pol\u00edticas de devolu\u00e7\u00e3o em vigor:<\/p><p>- Ap\u00f3s a entrega, e em conformidade com o direito do consumidor na Internet, disp\u00f5e de 14 dias para recusar ou trocar o ve\u00edculo ou receber o seu dinheiro de volta.<\/p><p>- Em caso de inadapta\u00e7\u00e3o ap\u00f3s o controlo no momento da entrega, o ve\u00edculo pode ser recusado ou substitu\u00eddo pelo cliente ou reembolsado sem mais demoras.<\/p><p>- Assim que o autom\u00f3vel \u00e9 entregue, \u00e9 atribu\u00edda uma oficina ao comprador na sua \u00e1rea de resid\u00eancia, que se encarregar\u00e1 da garantia do autom\u00f3vel.<\/p><p>Para mais informa\u00e7\u00f5es sobre a forma de encomendar, contactar um representante de vendas no WHATSAPP ou no MESSENGER<\/p>\n\t\t\t\t\t<\/div>\n\t\t\t\t\t\t<\/div>\n\t\t\t\t<\/div>\n\t\t\t\t\t<\/div>\n\t\t<\/div>\n\t\t\t\t\t<\/div>\n\t\t<\/section>\n\t\t\t\t\t<\/div>\n\t\t<\/div>\n\t\t\t\t\t<\/div>\n\t\t<\/section>\n\t\t<div class=\"elementor-element elementor-element-34e5acf e-con-full e-flex wd-section-disabled e-con e-parent\" data-id=\"34e5acf\" data-element_type=\"container\">\n\t\t\t\t<div class=\"elementor-element elementor-element-ceccc8c elementor-widget elementor-widget-wd_text_block\" data-id=\"ceccc8c\" data-element_type=\"widget\" data-widget_type=\"wd_text_block.default\">\n\t\t\t\t<div class=\"elementor-widget-container\">\n\t\t\t\t\t\t\t<div class=\"wd-text-block reset-last-child text-left\">\n\t\t\t\n\t\t\t<h5><strong>Importante saber<\/strong><\/h5><p>Para encomendar um ve\u00edculo, ser-lhe-\u00e1 dado um or\u00e7amento de encomenda.<br \/>Ap\u00f3s esta cota\u00e7\u00e3o, exigimos um dep\u00f3sito de 25% por transfer\u00eancia banc\u00e1ria antes da expedi\u00e7\u00e3o do ve\u00edculo, uma vez que n\u00e3o podemos transportar um ve\u00edculo sem qualquer compromisso de compra.<\/p><p>A entrega \u00e9 efectuada no prazo de 5 dias por 500 euros. Para obter o pre\u00e7o de um ve\u00edculo incluindo todos os impostos, adicionar 500 euros ao pre\u00e7o indicado no an\u00fancio.<\/p><p>A vantagem dos nossos pre\u00e7os de venda em rela\u00e7\u00e3o ao pre\u00e7o de mercado deve-se ao facto de as importa\u00e7\u00f5es efectuadas pela nossa empresa j\u00e1 n\u00e3o estarem sujeitas a um IVA adicional de 20%, uma vez que somos profissionais do sector autom\u00f3vel e dispomos de um n\u00famero de IVA INTRA para exportar para toda a Europa sem impostos adicionais.<\/p><p>-O montante restante \u00e9 pago aquando da entrega do ve\u00edculo, ap\u00f3s o seu controlo.<\/p>\n\t\t\t\t\t<\/div>\n\t\t\t\t\t\t<\/div>\n\t\t\t\t<\/div>\n\t\t\t\t<\/div>\n\t\t<div class=\"elementor-element elementor-element-b5e0d8b e-flex e-con-boxed wd-section-disabled e-con e-parent\" data-id=\"b5e0d8b\" data-element_type=\"container\">\n\t\t\t\t\t<div class=\"e-con-inner\">\n\t\t\t\t<div class=\"elementor-element elementor-element-f4f107d elementor-widget elementor-widget-spacer\" data-id=\"f4f107d\" data-element_type=\"widget\" data-widget_type=\"spacer.default\">\n\t\t\t\t<div class=\"elementor-widget-container\">\n\t\t\t\t\t\t\t<div class=\"elementor-spacer\">\n\t\t\t<div class=\"elementor-spacer-inner\"><\/div>\n\t\t<\/div>\n\t\t\t\t\t\t<\/div>\n\t\t\t\t<\/div>\n\t\t\t\t\t<\/div>\n\t\t\t\t<\/div>\n\t\t\t\t<section class=\"elementor-section elementor-top-section elementor-element elementor-element-2e781608 elementor-section-height-min-height elementor-section-items-stretch elementor-section-full_width elementor-section-stretched elementor-section-height-default wd-section-disabled\" data-id=\"2e781608\" data-element_type=\"section\" data-settings=\"{&quot;background_background&quot;:&quot;classic&quot;,&quot;stretch_section&quot;:&quot;section-stretched&quot;}\">\n\t\t\t\t\t\t<div class=\"elementor-container elementor-column-gap-default\">\n\t\t\t\t\t<div class=\"elementor-column elementor-col-50 elementor-top-column elementor-element elementor-element-20e1f387 text-center\" data-id=\"20e1f387\" data-element_type=\"column\">\n\t\t\t<div class=\"elementor-widget-wrap elementor-element-populated\">\n\t\t\t\t\t\t<div class=\"elementor-element elementor-element-1000ba45 elementor-widget elementor-widget-wd_title\" data-id=\"1000ba45\" data-element_type=\"widget\" data-widget_type=\"wd_title.default\">\n\t\t\t\t<div class=\"elementor-widget-container\">\n\t\t\t\t\t\t\t<div class=\"title-wrapper set-mb-s reset-last-child wd-title-color-white wd-title-style-default wd-title-size-large text-center\">\n\n\t\t\t\t\t\t\t<div class=\"title-subtitle subtitle-color-white subtitle-style-default wd-fontsize-xs\">\n\t\t\t\t\tAUVERCAR\t\t\t\t<\/div>\n\t\t\t\n\t\t\t<div class=\"liner-continer\">\n\t\t\t\t<h4 class=\"woodmart-title-container title wd-fontsize-xxl\">UM VE\u00cdCULO NOVO PARA TODOS<\/h4> \n\t\t\t\t\t\t\t<\/div>\n\n\t\t\t\t\t<\/div>\n\t\t\t\t\t\t<\/div>\n\t\t\t\t<\/div>\n\t\t\t\t\t<\/div>\n\t\t<\/div>\n\t\t\t\t<div class=\"elementor-column elementor-col-50 elementor-top-column elementor-element elementor-element-4ae691b\" data-id=\"4ae691b\" data-element_type=\"column\">\n\t\t\t<div class=\"elementor-widget-wrap elementor-element-populated\">\n\t\t\t\t\t\t<div class=\"elementor-element elementor-element-6ce7dc79 elementor-widget elementor-widget-wd_image_or_svg\" data-id=\"6ce7dc79\" data-element_type=\"widget\" data-widget_type=\"wd_image_or_svg.default\">\n\t\t\t\t<div class=\"elementor-widget-container\">\n\t\t\t\t\t\n\t\t<div class=\"wd-image text-left\">\n\t\t\t\t\t\t\t\t<img fetchpriority=\"high\" decoding=\"async\" width=\"666\" height=\"375\" src=\"https:\/\/auvercars.com\/wp-content\/uploads\/2023\/10\/S0-le-nouveau-land-rover-range-rover-velar-2023-a-partir-de-75-600eur-744725-removebg-preview.png\" class=\"attachment-full size-full\" alt=\"\" srcset=\"https:\/\/auvercars.com\/wp-content\/uploads\/2023\/10\/S0-le-nouveau-land-rover-range-rover-velar-2023-a-partir-de-75-600eur-744725-removebg-preview.png 666w, https:\/\/auvercars.com\/wp-content\/uploads\/2023\/10\/S0-le-nouveau-land-rover-range-rover-velar-2023-a-partir-de-75-600eur-744725-removebg-preview-400x225.png 400w, https:\/\/auvercars.com\/wp-content\/uploads\/2023\/10\/S0-le-nouveau-land-rover-range-rover-velar-2023-a-partir-de-75-600eur-744725-removebg-preview-430x242.png 430w, https:\/\/auvercars.com\/wp-content\/uploads\/2023\/10\/S0-le-nouveau-land-rover-range-rover-velar-2023-a-partir-de-75-600eur-744725-removebg-preview-150x84.png 150w\" sizes=\"(max-width: 666px) 100vw, 666px\" \/>\t\t\t\t\t<\/div>\n\n\t\t\t\t\t\t<\/div>\n\t\t\t\t<\/div>\n\t\t\t\t\t<\/div>\n\t\t<\/div>\n\t\t\t\t\t<\/div>\n\t\t<\/section>\n\t\t\t\t<\/div>","protected":false},"excerpt":{"rendered":"<p>Informations avant achat Exportation Nous offrons des opportunit\u00e9s de voitures export\u00e9es de l\u2019Allemagne en parfait \u00e9tat niveau carrosserie et moteur<\/p>","protected":false},"author":1,"featured_media":0,"parent":0,"menu_order":0,"comment_status":"closed","ping_status":"closed","template":"","meta":{"footnotes":""},"class_list":["post-15588","page","type-page","status-publish","hentry"],"_links":{"self":[{"href":"https:\/\/auvercars.com\/pt\/wp-json\/wp\/v2\/pages\/15588"}],"collection":[{"href":"https:\/\/auvercars.com\/pt\/wp-json\/wp\/v2\/pages"}],"about":[{"href":"https:\/\/auvercars.com\/pt\/wp-json\/wp\/v2\/types\/page"}],"author":[{"embeddable":true,"href":"https:\/\/auvercars.com\/pt\/wp-json\/wp\/v2\/users\/1"}],"replies":[{"embeddable":true,"href":"https:\/\/auvercars.com\/pt\/wp-json\/wp\/v2\/comments?post=15588"}],"version-history":[{"count":64,"href":"https:\/\/auvercars.com\/pt\/wp-json\/wp\/v2\/pages\/15588\/revisions"}],"predecessor-version":[{"id":16117,"href":"https:\/\/auvercars.com\/pt\/wp-json\/wp\/v2\/pages\/15588\/revisions\/16117"}],"wp:attachment":[{"href":"https:\/\/auvercars.com\/pt\/wp-json\/wp\/v2\/media?parent=15588"}],"curies":[{"name":"wp","href":"https:\/\/api.w.org\/{rel}","templated":true}]}}