{"id":15583,"date":"2023-10-30T20:17:46","date_gmt":"2023-10-30T20:17:46","guid":{"rendered":"https:\/\/auvercar.com\/?page_id=15583"},"modified":"2024-05-10T23:18:00","modified_gmt":"2024-05-10T23:18:00","slug":"avis-clients","status":"publish","type":"page","link":"https:\/\/auvercars.com\/pt\/avis-clients\/","title":{"rendered":"Coment\u00e1rios de clientes"},"content":{"rendered":"<div data-elementor-type=\"wp-page\" data-elementor-id=\"15583\" class=\"elementor elementor-15583\" data-elementor-post-type=\"page\">\n\t\t\t\t\t\t<section class=\"elementor-section elementor-top-section elementor-element elementor-element-495d2b72 wd-section-stretch elementor-section-boxed elementor-section-height-default elementor-section-height-default\" data-id=\"495d2b72\" data-element_type=\"section\" data-settings=\"{&quot;background_background&quot;:&quot;classic&quot;}\">\n\t\t\t\t\t\t<div class=\"elementor-container elementor-column-gap-default\">\n\t\t\t\t\t<div class=\"elementor-column elementor-col-100 elementor-top-column elementor-element elementor-element-1beeaae1\" data-id=\"1beeaae1\" data-element_type=\"column\">\n\t\t\t<div class=\"elementor-widget-wrap elementor-element-populated\">\n\t\t\t\t\t\t<div class=\"elementor-element elementor-element-1db637c elementor-widget elementor-widget-wd_title\" data-id=\"1db637c\" data-element_type=\"widget\" data-widget_type=\"wd_title.default\">\n\t\t\t\t<div class=\"elementor-widget-container\">\n\t\t\t\t\t\t\t<div class=\"title-wrapper set-mb-s reset-last-child wd-title-color-primary wd-title-style-bordered wd-title-size-default text-center\">\n\n\t\t\t\t\t\t\t<div class=\"title-subtitle subtitle-color-primary subtitle-style-default wd-fontsize-xs\">\n\t\t\t\t\tAUVERCAR\t\t\t\t<\/div>\n\t\t\t\n\t\t\t<div class=\"liner-continer\">\n\t\t\t\t<h4 class=\"woodmart-title-container title wd-fontsize-l\">O nosso mundo faz-nos felizes<\/h4> \n\t\t\t\t\t\t\t<\/div>\n\n\t\t\t\t\t<\/div>\n\t\t\t\t\t\t<\/div>\n\t\t\t\t<\/div>\n\t\t\t\t<div class=\"elementor-element elementor-element-ba175d1 elementor-widget elementor-widget-wd_testimonials\" data-id=\"ba175d1\" data-element_type=\"widget\" data-widget_type=\"wd_testimonials.default\">\n\t\t\t\t<div class=\"elementor-widget-container\">\n\t\t\t\t\t\t\t<div class=\"testimonials testimonials-wrapper testimonials-grid testimon-style-boxed  color-scheme- testimon-align-left\" id=\"carousel-1894\" >\n\t\t\t<div class=\"row wd-spacing-30\">\n\t\t\t\t\t\t\t\t\t\n<div class=\"testimonial column col-lg-6 col-md-6 col-12\">\n\t<div class=\"testimonial-inner\">\n\t\t\n\t\t<div class=\"testimonial-content\">\n\t\t\t<div class=\"testimonial-rating\">\n\t\t\t\t<span class=\"star-rating\">\n\t\t\t\t\t<span style=\"width:100%\"><\/span>\n\t\t\t\t<\/span>\n\t\t\t<\/div>\n\n\t\t\t<p>N\u00e3o houve surpresas ap\u00f3s a encomenda ou quando recebemos o carro. Estava muito limpo, quase novo. O estafeta foi muito simp\u00e1tico. O ve\u00edculo teve um atraso de 1 dia na entrega, mas fui avisado. Tenho o carro h\u00e1 1 semana sem preocupa\u00e7\u00f5es e tamb\u00e9m tenho 14 dias para testar o ve\u00edculo. satisfeito ou o meu dinheiro de volta. Recomendo este s\u00edtio!<\/p>\n\t\t\t<footer>\n\t\t\t\tKingsley\n\t\t\t\t\t\t\t<\/footer>\n\t\t<\/div>\n\t<\/div>\n<\/div>\t\t\t\t\t\t\t\t\t\n<div class=\"testimonial column col-lg-6 col-md-6 col-12\">\n\t<div class=\"testimonial-inner\">\n\t\t\n\t\t<div class=\"testimonial-content\">\n\t\t\t<div class=\"testimonial-rating\">\n\t\t\t\t<span class=\"star-rating\">\n\t\t\t\t\t<span style=\"width:100%\"><\/span>\n\t\t\t\t<\/span>\n\t\t\t<\/div>\n\n\t\t\t<p>Estava bastante apreensivo com a ideia de importar um BMW da Alemanha, mas voltarei a faz\u00ea-lo sem qualquer hesita\u00e7\u00e3o com a Premium Import. Excelente contacto durante todo o projeto. A Cynthia foi muito reactiva, reservando imediatamente o ve\u00edculo na Alemanha (o modelo 340i Gt Xdrive Luxury era muito popular) e tratando depois do acompanhamento administrativo. Gostaria tamb\u00e9m de agradecer ao Maxime pela qualidade do seu acolhimento e por todo o seu apoio.<\/p>\n\t\t\t<footer>\n\t\t\t\tOrson\n\t\t\t\t\t\t\t<\/footer>\n\t\t<\/div>\n\t<\/div>\n<\/div>\t\t\t\t\t\t\t\t\t\n<div class=\"testimonial column col-lg-6 col-md-6 col-12\">\n\t<div class=\"testimonial-inner\">\n\t\t\n\t\t<div class=\"testimonial-content\">\n\t\t\t<div class=\"testimonial-rating\">\n\t\t\t\t<span class=\"star-rating\">\n\t\t\t\t\t<span style=\"width:100%\"><\/span>\n\t\t\t\t<\/span>\n\t\t\t<\/div>\n\n\t\t\t<p>Perfeito do princ\u00edpio ao fim! Estava um pouco apreensivo porque n\u00e3o se pode ver o carro ao vivo, mas o que encomendei era exatamente o que eu procurava e muito mais! Entrega em frente \u00e0 minha casa como planeado e a horas. Toda a papelada estava preparada para eu assinar. O servi\u00e7o p\u00f3s-venda foi excelente, especialmente com o Alain, que estava sempre pronto a ouvir. Recomendo-os vivamente e voltarei para comprar o meu pr\u00f3ximo ve\u00edculo!<\/p>\n\t\t\t<footer>\n\t\t\t\tKim\n\t\t\t\t\t\t\t<\/footer>\n\t\t<\/div>\n\t<\/div>\n<\/div>\t\t\t\t\t\t\t\t\t\n<div class=\"testimonial column col-lg-6 col-md-6 col-12\">\n\t<div class=\"testimonial-inner\">\n\t\t\n\t\t<div class=\"testimonial-content\">\n\t\t\t<div class=\"testimonial-rating\">\n\t\t\t\t<span class=\"star-rating\">\n\t\t\t\t\t<span style=\"width:100%\"><\/span>\n\t\t\t\t<\/span>\n\t\t\t<\/div>\n\n\t\t\t<p>Ve\u00edculo entregue tal como descrito, limpo e com toda a documenta\u00e7\u00e3o em meu nome, preparada com anteced\u00eancia e devidamente arquivada. Por outro lado, n\u00e3o foi poss\u00edvel negociar o pre\u00e7o, mas em contrapartida o servi\u00e7o \u00e9 de alta qualidade, com um processo de compra f\u00e1cil do in\u00edcio ao fim e entrega ao domic\u00edlio por um agente atencioso que despendeu o tempo necess\u00e1rio para responder a todas as minhas perguntas.<\/p>\n\t\t\t<footer>\n\t\t\t\tD\u00e9rick\n\t\t\t\t\t\t\t<\/footer>\n\t\t<\/div>\n\t<\/div>\n<\/div>\t\t\t\t\t\t\t\t\t\n<div class=\"testimonial column col-lg-6 col-md-6 col-12\">\n\t<div class=\"testimonial-inner\">\n\t\t\n\t\t<div class=\"testimonial-content\">\n\t\t\t<div class=\"testimonial-rating\">\n\t\t\t\t<span class=\"star-rating\">\n\t\t\t\t\t<span style=\"width:100%\"><\/span>\n\t\t\t\t<\/span>\n\t\t\t<\/div>\n\n\t\t\t<p>Recomendo este site para as vossas compras gra\u00e7as a esta empresa. Comprei o meu carro apenas com um adiantamento e o resto em presta\u00e7\u00f5es mensais. Muito boa experi\u00eancia. O carro foi entregue limpo e estava de acordo com as nossas expectativas e com a descri\u00e7\u00e3o. Recomendo este servi\u00e7o.<\/p>\n\t\t\t<footer>\n\t\t\t\tH\u00e9l\u00e9na\n\t\t\t\t\t\t\t<\/footer>\n\t\t<\/div>\n\t<\/div>\n<\/div>\t\t\t\t\t\t\t\t\t\n<div class=\"testimonial column col-lg-6 col-md-6 col-12\">\n\t<div class=\"testimonial-inner\">\n\t\t\n\t\t<div class=\"testimonial-content\">\n\t\t\t<div class=\"testimonial-rating\">\n\t\t\t\t<span class=\"star-rating\">\n\t\t\t\t\t<span style=\"width:100%\"><\/span>\n\t\t\t\t<\/span>\n\t\t\t<\/div>\n\n\t\t\t<p>Foi a primeira experi\u00eancia bem sucedida e n\u00e3o hesitarei em comprar-lhes outro ve\u00edculo. Recomendo-os a 100% e a entrega foi simplesmente brilhante. Recomendo-os vivamente. Experi\u00eancia a renovar sem hesita\u00e7\u00e3o.<\/p>\n\t\t\t<footer>\n\t\t\t\tRosine\n\t\t\t\t\t\t\t<\/footer>\n\t\t<\/div>\n\t<\/div>\n<\/div>\t\t\t\t\t\t\t\t\t\n<div class=\"testimonial column col-lg-6 col-md-6 col-12\">\n\t<div class=\"testimonial-inner\">\n\t\t\n\t\t<div class=\"testimonial-content\">\n\t\t\t<div class=\"testimonial-rating\">\n\t\t\t\t<span class=\"star-rating\">\n\t\t\t\t\t<span style=\"width:100%\"><\/span>\n\t\t\t\t<\/span>\n\t\t\t<\/div>\n\n\t\t\t<p>Gra\u00e7as a v\u00f3s, consegui comprar um magn\u00edfico 308. O carro foi preparado para venda o mais rapidamente poss\u00edvel. Fiquei relativamente satisfeito com o servi\u00e7o, recomendo este vendedor.<\/p>\n\t\t\t<footer>\n\t\t\t\tG\u00e9rald\n\t\t\t\t\t\t\t<\/footer>\n\t\t<\/div>\n\t<\/div>\n<\/div>\t\t\t\t\t\t\t\t\t\n<div class=\"testimonial column col-lg-6 col-md-6 col-12\">\n\t<div class=\"testimonial-inner\">\n\t\t\n\t\t<div class=\"testimonial-content\">\n\t\t\t<div class=\"testimonial-rating\">\n\t\t\t\t<span class=\"star-rating\">\n\t\t\t\t\t<span style=\"width:100%\"><\/span>\n\t\t\t\t<\/span>\n\t\t\t<\/div>\n\n\t\t\t<p>Um servi\u00e7o excelente, estou muito satisfeito. Tudo correu como planeado. Recomendo vivamente! \u00d3ptima experi\u00eancia<\/p>\n\t\t\t<footer>\n\t\t\t\tGaston\n\t\t\t\t\t\t\t<\/footer>\n\t\t<\/div>\n\t<\/div>\n<\/div>\t\t\t\t\t\t\t\t\t\n<div class=\"testimonial column col-lg-6 col-md-6 col-12\">\n\t<div class=\"testimonial-inner\">\n\t\t\n\t\t<div class=\"testimonial-content\">\n\t\t\t<div class=\"testimonial-rating\">\n\t\t\t\t<span class=\"star-rating\">\n\t\t\t\t\t<span style=\"width:100%\"><\/span>\n\t\t\t\t<\/span>\n\t\t\t<\/div>\n\n\t\t\t<p>Carro muito bonito, sem surpresas, entregue em frente \u00e0 minha casa. O \u00fanico pequeno problema foi o facto de o kit de furos e tudo o resto que estava na bagageira terem desaparecido. Por este pequeno inconveniente, tive um conselheiro muito profissional que me disse para ir comprar outro num fabricante de equipamento parceiro. Recomendo-o a 100%.<\/p>\n\t\t\t<footer>\n\t\t\t\tJanvier\n\t\t\t\t\t\t\t<\/footer>\n\t\t<\/div>\n\t<\/div>\n<\/div>\t\t\t\t\t\t\t\t\t\n<div class=\"testimonial column col-lg-6 col-md-6 col-12\">\n\t<div class=\"testimonial-inner\">\n\t\t\n\t\t<div class=\"testimonial-content\">\n\t\t\t<div class=\"testimonial-rating\">\n\t\t\t\t<span class=\"star-rating\">\n\t\t\t\t\t<span style=\"width:100%\"><\/span>\n\t\t\t\t<\/span>\n\t\t\t<\/div>\n\n\t\t\t<p>Gostaria de agradecer a J\u00e9r\u00f4me Dr\u00e9an pelo seu profissionalismo e pelos seus conhecimentos, recomendo-o.<\/p>\n\t\t\t<footer>\n\t\t\t\tJeanne\n\t\t\t\t\t\t\t<\/footer>\n\t\t<\/div>\n\t<\/div>\n<\/div>\t\t\t\t\t\t\t\t\t\n<div class=\"testimonial column col-lg-6 col-md-6 col-12\">\n\t<div class=\"testimonial-inner\">\n\t\t\n\t\t<div class=\"testimonial-content\">\n\t\t\t<div class=\"testimonial-rating\">\n\t\t\t\t<span class=\"star-rating\">\n\t\t\t\t\t<span style=\"width:100%\"><\/span>\n\t\t\t\t<\/span>\n\t\t\t<\/div>\n\n\t\t\t<p>Muito satisfeito com a oficina. Confiei a venda do meu ve\u00edculo ao J\u00e9r\u00f4me. Tudo correu muito bem. Gostaria de agradecer ao J\u00e9r\u00f4me pelo seu profissionalismo.<\/p>\n\t\t\t<footer>\n\t\t\t\tMarie-Pierre\n\t\t\t\t\t\t\t<\/footer>\n\t\t<\/div>\n\t<\/div>\n<\/div>\t\t\t\t\t\t\t\t\t\n<div class=\"testimonial column col-lg-6 col-md-6 col-12\">\n\t<div class=\"testimonial-inner\">\n\t\t\n\t\t<div class=\"testimonial-content\">\n\t\t\t<div class=\"testimonial-rating\">\n\t\t\t\t<span class=\"star-rating\">\n\t\t\t\t\t<span style=\"width:100%\"><\/span>\n\t\t\t\t<\/span>\n\t\t\t<\/div>\n\n\t\t\t<p>Profissional muito s\u00e9rio. Comprei o meu carro \u00e0 dist\u00e2ncia e est\u00e1 como descrito. Obrigado tamb\u00e9m pela vossa confian\u00e7a.<\/p>\n\t\t\t<footer>\n\t\t\t\tConstant\n\t\t\t\t\t\t\t<\/footer>\n\t\t<\/div>\n\t<\/div>\n<\/div>\t\t\t\t\t\t\t<\/div>\n\t\t<\/div>\n\t\t\t\t\t\t<\/div>\n\t\t\t\t<\/div>\n\t\t\t\t\t<\/div>\n\t\t<\/div>\n\t\t\t\t\t<\/div>\n\t\t<\/section>\n\t\t\t\t<\/div>","protected":false},"excerpt":{"rendered":"<p>AUVERCAR Notre monde rend heureux Aucune surprise apr\u00e8s la commende ni lors de la r\u00e9ception de la voiture. Celle-ci \u00e9tait<\/p>","protected":false},"author":1,"featured_media":0,"parent":0,"menu_order":0,"comment_status":"closed","ping_status":"closed","template":"","meta":{"footnotes":""},"class_list":["post-15583","page","type-page","status-publish","hentry"],"_links":{"self":[{"href":"https:\/\/auvercars.com\/pt\/wp-json\/wp\/v2\/pages\/15583"}],"collection":[{"href":"https:\/\/auvercars.com\/pt\/wp-json\/wp\/v2\/pages"}],"about":[{"href":"https:\/\/auvercars.com\/pt\/wp-json\/wp\/v2\/types\/page"}],"author":[{"embeddable":true,"href":"https:\/\/auvercars.com\/pt\/wp-json\/wp\/v2\/users\/1"}],"replies":[{"embeddable":true,"href":"https:\/\/auvercars.com\/pt\/wp-json\/wp\/v2\/comments?post=15583"}],"version-history":[{"count":28,"href":"https:\/\/auvercars.com\/pt\/wp-json\/wp\/v2\/pages\/15583\/revisions"}],"predecessor-version":[{"id":16126,"href":"https:\/\/auvercars.com\/pt\/wp-json\/wp\/v2\/pages\/15583\/revisions\/16126"}],"wp:attachment":[{"href":"https:\/\/auvercars.com\/pt\/wp-json\/wp\/v2\/media?parent=15583"}],"curies":[{"name":"wp","href":"https:\/\/api.w.org\/{rel}","templated":true}]}}